{"id":380,"date":"2013-11-09T11:36:17","date_gmt":"2013-11-09T11:36:17","guid":{"rendered":"https:\/\/www.metamarseille.fr\/?page_id=380"},"modified":"2014-11-09T15:59:41","modified_gmt":"2014-11-09T15:59:41","slug":"qui-veut-interpreter","status":"publish","type":"page","link":"https:\/\/www.metamarseille.fr\/?page_id=380","title":{"rendered":"Qui veut interpr\u00e9ter ?"},"content":{"rendered":"<p>&nbsp;<\/p>\n<p><strong>Qui veut interpr\u00e9ter le solo multiple ?<\/strong><\/p>\n<p><strong>Il s&rsquo;agit d&rsquo;un projet partag\u00e9 avec St\u00e9phane Metge, vid\u00e9aste.<\/strong><\/p>\n<p><strong>L&rsquo;enjeu est de cr\u00e9er des soli vid\u00e9ographiques de 3 minutes \u00e0 4 minutes sur le corps et le mouvement en vue de les transmettre \u00e0 toute personne (non danseur) qui le d\u00e9sire<\/strong><\/p>\n<p><strong><\/strong>La transmission se fait lors d&rsquo;ateliers avec Charlotte Delaporte puis il y a le tournage avec St\u00e9phane et Charlotte et ensuite le montage. Jusqu&rsquo;\u00e0 maintenant 4 soli ont \u00e9t\u00e9 cr\u00e9\u00e9s et film\u00e9s.<\/p>\n<p><strong>Le dos<\/strong> a \u00e9t\u00e9 transmis et film\u00e9 \u00e0 nouveau, ce qui initie la d\u00e9marche du multiple.<\/p>\n<p><strong>le visage<\/strong><\/p>\n<p><strong>les jambes<\/strong><\/p>\n<p><strong><br \/>\n<\/strong><\/p>\n<p><a href=\"http:\/\/jacquette.net\/meta\/wp-content\/uploads\/2012\/10\/solo_multiple.pdf\">T\u00e9l\u00e9chargez le dossier de pr\u00e9sentation du projet. (pdf)<\/a><\/p>\n<p><a href=\"http:\/\/jacquette.net\/meta\/wp-content\/uploads\/2012\/10\/qui-veut-CD-rouge.jpg\"><img loading=\"lazy\" title=\"qui veut.CD - rouge.indd\" src=\"http:\/\/jacquette.net\/meta\/wp-content\/uploads\/2012\/10\/qui-veut-CD-rouge-150x150.jpg\" alt=\"\" width=\"150\" height=\"150\" \/><\/a><a href=\"http:\/\/jacquette.net\/meta\/wp-content\/uploads\/2012\/10\/Charlotdosnu1.jpg\"><img loading=\"lazy\" title=\"Charlotdosnu\" src=\"http:\/\/jacquette.net\/meta\/wp-content\/uploads\/2012\/10\/Charlotdosnu1-150x150.jpg\" alt=\"\" width=\"150\" height=\"150\" \/><\/a><a href=\"http:\/\/jacquette.net\/meta\/wp-content\/uploads\/2012\/10\/Sans-titre-2.jpg\"><img loading=\"lazy\" title=\"Sans titre-2\" src=\"http:\/\/jacquette.net\/meta\/wp-content\/uploads\/2012\/10\/Sans-titre-2-150x150.jpg\" alt=\"\" width=\"150\" height=\"150\" \/><\/a><\/p>\n<ul>\n<li><a href=\"http:\/\/youtu.be\/dovKqEAMCKk\">http:\/\/youtu.be\/dovKqEAMCKk<\/a><\/li>\n<\/ul>\n","protected":false},"excerpt":{"rendered":"<p>&nbsp; Qui veut interpr\u00e9ter le solo multiple ? Il s&rsquo;agit d&rsquo;un projet partag\u00e9 avec St\u00e9phane Metge, vid\u00e9aste. L&rsquo;enjeu est de cr\u00e9er des soli vid\u00e9ographiques de 3 minutes \u00e0 4 minutes sur le corps et le mouvement en vue de les &hellip; <a href=\"https:\/\/www.metamarseille.fr\/?page_id=380\">Continuer la lecture <span class=\"meta-nav\">&rarr;<\/span><\/a><\/p>\n","protected":false},"author":2,"featured_media":0,"parent":0,"menu_order":3,"comment_status":"closed","ping_status":"closed","template":"","meta":[],"_links":{"self":[{"href":"https:\/\/www.metamarseille.fr\/index.php?rest_route=\/wp\/v2\/pages\/380"}],"collection":[{"href":"https:\/\/www.metamarseille.fr\/index.php?rest_route=\/wp\/v2\/pages"}],"about":[{"href":"https:\/\/www.metamarseille.fr\/index.php?rest_route=\/wp\/v2\/types\/page"}],"author":[{"embeddable":true,"href":"https:\/\/www.metamarseille.fr\/index.php?rest_route=\/wp\/v2\/users\/2"}],"replies":[{"embeddable":true,"href":"https:\/\/www.metamarseille.fr\/index.php?rest_route=%2Fwp%2Fv2%2Fcomments&post=380"}],"version-history":[{"count":12,"href":"https:\/\/www.metamarseille.fr\/index.php?rest_route=\/wp\/v2\/pages\/380\/revisions"}],"predecessor-version":[{"id":384,"href":"https:\/\/www.metamarseille.fr\/index.php?rest_route=\/wp\/v2\/pages\/380\/revisions\/384"}],"wp:attachment":[{"href":"https:\/\/www.metamarseille.fr\/index.php?rest_route=%2Fwp%2Fv2%2Fmedia&parent=380"}],"curies":[{"name":"wp","href":"https:\/\/api.w.org\/{rel}","templated":true}]}}